{"id":3,"date":"2025-09-09T18:00:47","date_gmt":"2025-09-09T18:00:47","guid":{"rendered":"http:\/\/pmnaturalstones.com\/?page_id=3"},"modified":"2026-01-06T23:15:33","modified_gmt":"2026-01-06T23:15:33","slug":"politica-de-privacidad","status":"publish","type":"page","link":"https:\/\/pmnaturalstones.com\/en\/politica-de-privacidad\/","title":{"rendered":"Pol\u00edtica de Privacidad"},"content":{"rendered":"<p>[et_pb_section fb_built=\u00bb1&#8243; admin_label=\u00bbsection\u00bb _builder_version=\u00bb4.16&#8243; global_colors_info=\u00bb{}\u00bb][et_pb_row admin_label=\u00bbrow\u00bb _builder_version=\u00bb4.16&#8243; background_size=\u00bbinitial\u00bb background_position=\u00bbtop_left\u00bb background_repeat=\u00bbrepeat\u00bb global_colors_info=\u00bb{}\u00bb][et_pb_column type=\u00bb4_4&#8243; _builder_version=\u00bb4.16&#8243; custom_padding=\u00bb|||\u00bb global_colors_info=\u00bb{}\u00bb custom_padding__hover=\u00bb|||\u00bb][et_pb_text admin_label=\u00bbText\u00bb _builder_version=\u00bb4.16&#8243; background_size=\u00bbinitial\u00bb background_position=\u00bbtop_left\u00bb background_repeat=\u00bbrepeat\u00bb global_colors_info=\u00bb{}\u00bb]<\/p>\n<p><strong><span style=\"color: #15b35c; font-size: large;\">POL\u00cdTICA DE PRIVACIDAD<\/span><\/strong><\/p>\n<p><span style=\"font-size: medium;\">Por medio del presente apartado, PM Natural Stones informa a los visitantes de<\/span><br \/><span style=\"font-size: medium;\">su p\u00e1gina web de su pol\u00edtica relativa a la obtenci\u00f3n, almacenamiento y<\/span><br \/><span style=\"font-size: medium;\">tratamiento de los datos de car\u00e1cter personal que se recojan a trav\u00e9s de<\/span><br \/><span style=\"font-size: medium;\">nuestra p\u00e1gina web y direcciones de correo electr\u00f3nico.<\/span><\/p>\n<p><span style=\"color: #15b35c;\"><strong><span style=\"font-size: large;\">FORMULARIO DE CONTACTO<\/span><\/strong><\/span><\/p>\n<p><span style=\"font-size: medium;\">Los datos de car\u00e1cter personal que nos proporcione a trav\u00e9s de nuestro<\/span><br \/><span style=\"font-size: medium;\">formulario de contacto ser\u00e1n incorporados a nuestros ficheros para su<\/span><br \/><span style=\"font-size: medium;\">tratamiento, con la finalidad de enviarle la informaci\u00f3n solicitada, incluso por<\/span><br \/><span style=\"font-size: medium;\">medios electr\u00f3nicos, as\u00ed como novedades, ofertas y servicios que puedan ser<\/span><br \/><span style=\"font-size: medium;\">de su inter\u00e9s.<\/span><\/p>\n<p><strong><span style=\"font-size: large; color: #15b35c;\">COOKIES<\/span><\/strong><\/p>\n<p><span style=\"font-size: medium;\">Se informa a los usuarios que nuestra p\u00e1gina web utiliza el sistema de<\/span><br \/><span style=\"font-size: medium;\">almacenamiento de cookies para la obtenci\u00f3n de informaci\u00f3n con fines<\/span><br \/><span style=\"font-size: medium;\">estad\u00edsticos acerca de la procedencia y caracter\u00edsticas de los visitantes a<\/span><br \/><span style=\"font-size: medium;\">nuestra p\u00e1gina web. Si lo desea puede desactivar el almacenamiento de<\/span><br \/><span style=\"font-size: medium;\">\u201ccookies\u201d en su navegador.<\/span><br \/><span style=\"font-size: medium;\">Asimismo, le informamos que, por motivos de seguridad de los sistemas de<\/span><br \/><span style=\"font-size: medium;\">comercio electr\u00f3nico que puedan implantarse en nuestra web, los datos<\/span><br \/><span style=\"font-size: medium;\">referentes a su direcci\u00f3n IP podr\u00e1n ser almacenados hasta la satisfactoria<\/span><br \/><span style=\"font-size: medium;\">finalizaci\u00f3n de la transacci\u00f3n comercial.<\/span><\/p>\n<p><strong><span style=\"font-size: large; color: #15b35c;\">EJERCICIO DE DERECHOS<\/span><\/strong><\/p>\n<p><span style=\"font-size: medium;\">Puede ejercitar los derechos de acceso, rectificaci\u00f3n, cancelaci\u00f3n y oposici\u00f3n,<\/span><br \/><span style=\"font-size: medium;\">previstos por la ley, dirigiendo un escrito, junto con su DNI o documento<\/span><br \/><span style=\"font-size: medium;\">an\u00e1logo, a la direcci\u00f3n de correo electr\u00f3nico info@pmnaturalstones.com.<\/span><\/p>\n<p>[\/et_pb_text][\/et_pb_column][\/et_pb_row][\/et_pb_section]<\/p>","protected":false},"excerpt":{"rendered":"<p>POL\u00cdTICA DE PRIVACIDAD Por medio del presente apartado, PM Natural Stones informa a los visitantes desu p\u00e1gina web de su pol\u00edtica relativa a la obtenci\u00f3n, almacenamiento ytratamiento de los datos de car\u00e1cter personal que se recojan a trav\u00e9s denuestra p\u00e1gina web y direcciones de correo electr\u00f3nico. FORMULARIO DE CONTACTO Los datos de car\u00e1cter personal que [&hellip;]<\/p>","protected":false},"author":1,"featured_media":0,"parent":0,"menu_order":0,"comment_status":"closed","ping_status":"closed","template":"","meta":{"_et_pb_use_builder":"on","_et_pb_old_content":"<!-- wp:heading -->\n<h2 class=\"wp-block-heading\">Who we are<\/h2>\n<!-- \/wp:heading -->\n<!-- wp:paragraph -->\n<p><strong class=\"privacy-policy-tutorial\">Suggested text: <\/strong>Our website address is: http:\/\/pmnaturalstones.com.<\/p>\n<!-- \/wp:paragraph -->\n<!-- wp:heading -->\n<h2 class=\"wp-block-heading\">Comments<\/h2>\n<!-- \/wp:heading -->\n<!-- wp:paragraph -->\n<p><strong class=\"privacy-policy-tutorial\">Suggested text: <\/strong>When visitors leave comments on the site we collect the data shown in the comments form, and also the visitor&#8217;s IP address and browser user agent string to help spam detection.<\/p>\n<!-- \/wp:paragraph -->\n<!-- wp:paragraph -->\n<p>An anonymized string created from your email address (also called a hash) may be provided to the Gravatar service to see if you are using it. The Gravatar service privacy policy is available here: https:\/\/automattic.com\/privacy\/. After approval of your comment, your profile picture is visible to the public in the context of your comment.<\/p>\n<!-- \/wp:paragraph -->\n<!-- wp:heading -->\n<h2 class=\"wp-block-heading\">Media<\/h2>\n<!-- \/wp:heading -->\n<!-- wp:paragraph -->\n<p><strong class=\"privacy-policy-tutorial\">Suggested text: <\/strong>If you upload images to the website, you should avoid uploading images with embedded location data (EXIF GPS) included. Visitors to the website can download and extract any location data from images on the website.<\/p>\n<!-- \/wp:paragraph -->\n<!-- wp:heading -->\n<h2 class=\"wp-block-heading\">Cookies<\/h2>\n<!-- \/wp:heading -->\n<!-- wp:paragraph -->\n<p><strong class=\"privacy-policy-tutorial\">Suggested text: <\/strong>If you leave a comment on our site you may opt-in to saving your name, email address and website in cookies. These are for your convenience so that you do not have to fill in your details again when you leave another comment. These cookies will last for one year.<\/p>\n<!-- \/wp:paragraph -->\n<!-- wp:paragraph -->\n<p>If you visit our login page, we will set a temporary cookie to determine if your browser accepts cookies. This cookie contains no personal data and is discarded when you close your browser.<\/p>\n<!-- \/wp:paragraph -->\n<!-- wp:paragraph -->\n<p>When you log in, we will also set up several cookies to save your login information and your screen display choices. Login cookies last for two days, and screen options cookies last for a year. If you select &quot;Remember Me&quot;, your login will persist for two weeks. If you log out of your account, the login cookies will be removed.<\/p>\n<!-- \/wp:paragraph -->\n<!-- wp:paragraph -->\n<p>If you edit or publish an article, an additional cookie will be saved in your browser. This cookie includes no personal data and simply indicates the post ID of the article you just edited. It expires after 1 day.<\/p>\n<!-- \/wp:paragraph -->\n<!-- wp:heading -->\n<h2 class=\"wp-block-heading\">Embedded content from other websites<\/h2>\n<!-- \/wp:heading -->\n<!-- wp:paragraph -->\n<p><strong class=\"privacy-policy-tutorial\">Suggested text: <\/strong>Articles on this site may include embedded content (e.g. videos, images, articles, etc.). Embedded content from other websites behaves in the exact same way as if the visitor has visited the other website.<\/p>\n<!-- \/wp:paragraph -->\n<!-- wp:paragraph -->\n<p>These websites may collect data about you, use cookies, embed additional third-party tracking, and monitor your interaction with that embedded content, including tracking your interaction with the embedded content if you have an account and are logged in to that website.<\/p>\n<!-- \/wp:paragraph -->\n<!-- wp:heading -->\n<h2 class=\"wp-block-heading\">Who we share your data with<\/h2>\n<!-- \/wp:heading -->\n<!-- wp:paragraph -->\n<p><strong class=\"privacy-policy-tutorial\">Suggested text: <\/strong>If you request a password reset, your IP address will be included in the reset email.<\/p>\n<!-- \/wp:paragraph -->\n<!-- wp:heading -->\n<h2 class=\"wp-block-heading\">How long we retain your data<\/h2>\n<!-- \/wp:heading -->\n<!-- wp:paragraph -->\n<p><strong class=\"privacy-policy-tutorial\">Suggested text: <\/strong>If you leave a comment, the comment and its metadata are retained indefinitely. This is so we can recognize and approve any follow-up comments automatically instead of holding them in a moderation queue.<\/p>\n<!-- \/wp:paragraph -->\n<!-- wp:paragraph -->\n<p>For users that register on our website (if any), we also store the personal information they provide in their user profile. All users can see, edit, or delete their personal information at any time (except they cannot change their username). Website administrators can also see and edit that information.<\/p>\n<!-- \/wp:paragraph -->\n<!-- wp:heading -->\n<h2 class=\"wp-block-heading\">What rights you have over your data<\/h2>\n<!-- \/wp:heading -->\n<!-- wp:paragraph -->\n<p><strong class=\"privacy-policy-tutorial\">Suggested text: <\/strong>If you have an account on this site, or have left comments, you can request to receive an exported file of the personal data we hold about you, including any data you have provided to us. You can also request that we erase any personal data we hold about you. This does not include any data we are obliged to keep for administrative, legal, or security purposes.<\/p>\n<!-- \/wp:paragraph -->\n<!-- wp:heading -->\n<h2 class=\"wp-block-heading\">Where your data is sent<\/h2>\n<!-- \/wp:heading -->\n<!-- wp:paragraph -->\n<p><strong class=\"privacy-policy-tutorial\">Suggested text: <\/strong>Visitor comments may be checked through an automated spam detection service.<\/p>\n<!-- \/wp:paragraph -->\n","_et_gb_content_width":"","_joinchat":[],"footnotes":""},"class_list":["post-3","page","type-page","status-publish","hentry"],"_links":{"self":[{"href":"https:\/\/pmnaturalstones.com\/en\/wp-json\/wp\/v2\/pages\/3","targetHints":{"allow":["GET"]}}],"collection":[{"href":"https:\/\/pmnaturalstones.com\/en\/wp-json\/wp\/v2\/pages"}],"about":[{"href":"https:\/\/pmnaturalstones.com\/en\/wp-json\/wp\/v2\/types\/page"}],"author":[{"embeddable":true,"href":"https:\/\/pmnaturalstones.com\/en\/wp-json\/wp\/v2\/users\/1"}],"replies":[{"embeddable":true,"href":"https:\/\/pmnaturalstones.com\/en\/wp-json\/wp\/v2\/comments?post=3"}],"version-history":[{"count":3,"href":"https:\/\/pmnaturalstones.com\/en\/wp-json\/wp\/v2\/pages\/3\/revisions"}],"predecessor-version":[{"id":755,"href":"https:\/\/pmnaturalstones.com\/en\/wp-json\/wp\/v2\/pages\/3\/revisions\/755"}],"wp:attachment":[{"href":"https:\/\/pmnaturalstones.com\/en\/wp-json\/wp\/v2\/media?parent=3"}],"curies":[{"name":"wp","href":"https:\/\/api.w.org\/{rel}","templated":true}]}}