{"id":758,"date":"2026-01-06T23:13:58","date_gmt":"2026-01-06T23:13:58","guid":{"rendered":"https:\/\/pmnaturalstones.com\/?page_id=758"},"modified":"2026-01-06T23:15:20","modified_gmt":"2026-01-06T23:15:20","slug":"aviso-legal","status":"publish","type":"page","link":"https:\/\/pmnaturalstones.com\/en\/aviso-legal\/","title":{"rendered":"Aviso Legal"},"content":{"rendered":"<p>[et_pb_section fb_built=\u00bb1&#8243; _builder_version=\u00bb4.27.4&#8243; _module_preset=\u00bbdefault\u00bb global_colors_info=\u00bb{}\u00bb][et_pb_row _builder_version=\u00bb4.27.4&#8243; _module_preset=\u00bbdefault\u00bb hover_enabled=\u00bb0&#8243; global_colors_info=\u00bb{}\u00bb sticky_enabled=\u00bb0&#8243;][et_pb_column type=\u00bb4_4&#8243; _builder_version=\u00bb4.27.4&#8243; _module_preset=\u00bbdefault\u00bb global_colors_info=\u00bb{}\u00bb][et_pb_text _builder_version=\u00bb4.27.4&#8243; _module_preset=\u00bbdefault\u00bb hover_enabled=\u00bb0&#8243; global_colors_info=\u00bb{}\u00bb sticky_enabled=\u00bb0&#8243;]<\/p>\n<p>&nbsp;<\/p>\n<h3><strong><span style=\"color: #15b35c;\">Aviso Legal<\/span><\/strong><\/h3>\n<p>En cumplimiento de la Ley 34\/2002, de 11 de julio, de Servicios de la Sociedadde la Informaci\u00f3n y de Comercio Electr\u00f3nico (LSSICE), se informa:Titular \/ Responsable del sitio web\uf0b7 Titular: Marcos Vivequin (aut\u00f3nomo)\uf0b7 Nombre comercial: PM Natural Stones\uf0b7 NIF: Y8709587F\uf0b7 Domicilio: Av Mont-Ras 63, Sant Antoni de Calonge, Girona, Espa\u00f1a\uf0b7 Correo electr\u00f3nico: info@pmnaturalstones.com\uf0b7 Tel\u00e9fono de contacto: +34 664 390 267<\/p>\n<h3><strong><span style=\"color: #15b35c;\">Objeto<\/span><\/strong><\/h3>\n<p>El presente Aviso Legal regula el acceso, navegaci\u00f3n y uso del sitio webwww.pmnaturalstones.com, as\u00ed como las responsabilidades derivadas de lautilizaci\u00f3n de sus contenidos.Condici\u00f3n de usuario y aceptaci\u00f3nEl acceso y\/o uso del sitio atribuye la condici\u00f3n de Usuario, quien acepta desdedicho acceso y\/o uso las presentes condiciones.<\/p>\n<h3><strong><span style=\"color: #15b35c;\">Uso del sitio web<\/span><\/strong><\/h3>\n<p>El Usuario se compromete a realizar un uso diligente, correcto y l\u00edcito del sitio yde sus contenidos, y a no emplearlos para actividades il\u00edcitas o contrarias a labuena fe y al orden p\u00fablico.<\/p>\n<p>Propiedad intelectual e industrial<\/p>\n<p>Todos los contenidos del sitio (textos, im\u00e1genes, logotipos, marcas, dise\u00f1o,c\u00f3digo, etc.) son titularidad de PM Natural Stones o se usan con licencia.Queda prohibida su reproducci\u00f3n, distribuci\u00f3n, comunicaci\u00f3n p\u00fablica otransformaci\u00f3n sin autorizaci\u00f3n expresa, salvo para uso estrictamente personal.<\/p>\n<h3><strong><span style=\"color: #15b35c;\">Responsabilidad<\/span><\/strong><\/h3>\n<p>PM Natural Stones no garantiza la inexistencia de interrupciones o errores en elacceso al sitio, ni que est\u00e9 libre de virus u otros elementos lesivos, adoptando,no obstante, las medidas razonables para evitarlos.El Usuario es responsable del uso que realice del sitio. PM Natural Stones noser\u00e1 responsable por da\u00f1os derivados del uso indebido, ni por la informaci\u00f3npublicada por terceros.<\/p>\n<h3><strong><span style=\"color: #15b35c;\">Enlaces a terceros<\/span><\/strong><\/h3>\n<p>Este sitio puede contener enlaces a p\u00e1ginas de terceros. PM Natural Stones nocontrola sus contenidos ni asume responsabilidad por los mismos ni por losresultados que puedan derivarse del acceso.ModificacionesPM Natural Stones se reserva el derecho a modificar, en cualquier momento ysin previo aviso, la presentaci\u00f3n, configuraci\u00f3n y contenidos del sitio, as\u00ed comoel presente Aviso Legal.<\/p>\n<p><span style=\"font-size: x-large;\"><strong><span style=\"color: #15b35c;\">Ley aplicable y jurisdicci\u00f3n<\/span><\/strong><\/span><\/p>\n<p>La relaci\u00f3n entre PM Natural Stones y el Usuario se regir\u00e1 por la normativaespa\u00f1ola. Para la resoluci\u00f3n de cualquier controversia, las partes se someten alos Juzgados y Tribunales de Girona, salvo que la normativa aplicableestablezca otro fuero imperativo.<\/p>\n<p>[\/et_pb_text][\/et_pb_column][\/et_pb_row][\/et_pb_section]<\/p>","protected":false},"excerpt":{"rendered":"<p>&nbsp; Aviso Legal En cumplimiento de la Ley 34\/2002, de 11 de julio, de Servicios de la Sociedadde la Informaci\u00f3n y de Comercio Electr\u00f3nico (LSSICE), se informa:Titular \/ Responsable del sitio web\uf0b7 Titular: Marcos Vivequin (aut\u00f3nomo)\uf0b7 Nombre comercial: PM Natural Stones\uf0b7 NIF: Y8709587F\uf0b7 Domicilio: Av Mont-Ras 63, Sant Antoni de Calonge, Girona, Espa\u00f1a\uf0b7 Correo electr\u00f3nico: [&hellip;]<\/p>","protected":false},"author":1,"featured_media":0,"parent":0,"menu_order":0,"comment_status":"closed","ping_status":"closed","template":"","meta":{"_et_pb_use_builder":"on","_et_pb_old_content":"","_et_gb_content_width":"","_joinchat":[],"footnotes":""},"class_list":["post-758","page","type-page","status-publish","hentry"],"_links":{"self":[{"href":"https:\/\/pmnaturalstones.com\/en\/wp-json\/wp\/v2\/pages\/758","targetHints":{"allow":["GET"]}}],"collection":[{"href":"https:\/\/pmnaturalstones.com\/en\/wp-json\/wp\/v2\/pages"}],"about":[{"href":"https:\/\/pmnaturalstones.com\/en\/wp-json\/wp\/v2\/types\/page"}],"author":[{"embeddable":true,"href":"https:\/\/pmnaturalstones.com\/en\/wp-json\/wp\/v2\/users\/1"}],"replies":[{"embeddable":true,"href":"https:\/\/pmnaturalstones.com\/en\/wp-json\/wp\/v2\/comments?post=758"}],"version-history":[{"count":4,"href":"https:\/\/pmnaturalstones.com\/en\/wp-json\/wp\/v2\/pages\/758\/revisions"}],"predecessor-version":[{"id":768,"href":"https:\/\/pmnaturalstones.com\/en\/wp-json\/wp\/v2\/pages\/758\/revisions\/768"}],"wp:attachment":[{"href":"https:\/\/pmnaturalstones.com\/en\/wp-json\/wp\/v2\/media?parent=758"}],"curies":[{"name":"wp","href":"https:\/\/api.w.org\/{rel}","templated":true}]}}