{"id":771,"date":"2026-01-06T23:35:10","date_gmt":"2026-01-06T23:35:10","guid":{"rendered":"https:\/\/pmnaturalstones.com\/?page_id=771"},"modified":"2026-01-06T23:45:48","modified_gmt":"2026-01-06T23:45:48","slug":"politicas-de-cookies","status":"publish","type":"page","link":"https:\/\/pmnaturalstones.com\/en\/politicas-de-cookies\/","title":{"rendered":"Pol\u00edticas de Cookies"},"content":{"rendered":"<p>[et_pb_section fb_built=\u00bb1&#8243; theme_builder_area=\u00bbpost_content\u00bb _builder_version=\u00bb4.27.4&#8243; _module_preset=\u00bbdefault\u00bb][et_pb_row _builder_version=\u00bb4.27.4&#8243; _module_preset=\u00bbdefault\u00bb theme_builder_area=\u00bbpost_content\u00bb][et_pb_column _builder_version=\u00bb4.27.4&#8243; _module_preset=\u00bbdefault\u00bb type=\u00bb4_4&#8243; theme_builder_area=\u00bbpost_content\u00bb][et_pb_text _builder_version=\u00bb4.27.4&#8243; _module_preset=\u00bbdefault\u00bb theme_builder_area=\u00bbpost_content\u00bb hover_enabled=\u00bb0&#8243; sticky_enabled=\u00bb0&#8243;]<\/p>\n<h2><strong><span style=\"color: #15b35c;\">POL\u00cdTICA DE COOKIES<\/span><\/strong><\/h2>\n<h3><strong><span style=\"color: #15b35c;\">\u00bfQU\u00c9 SON LAS COOKIES?<\/span><\/strong><\/h3>\n<p>Las cookies son archivos peque\u00f1os que las p\u00e1ginas web que visitas env\u00edan y<br \/>almacenan en tu ordenador o dispositivo. Las cookies se almacenan en el<br \/>directorio de archivos de tu navegador. Cuando vuelves a visitar la p\u00e1gina, tu<br \/>navegador leer\u00e1 la cookie y transmitir\u00e1 la informaci\u00f3n de vuelta a la p\u00e1gina web<br \/>o al elemento que te envi\u00f3 la cookie originariamente.<br \/>Si deseas obtener m\u00e1s informaci\u00f3n sobre estas tecnolog\u00edas y su<br \/>funcionamiento, puedes dirigirte a p\u00e1ginas como <a href=\"http:\/\/www.aboutcookies.org\">http:\/\/www.aboutcookies.org<\/a><br \/>En PM Natural Stones usamos cookies para facilitar la navegaci\u00f3n por<br \/>pmnaturalstones.com. Puedes eliminar cualquier cookie que se haya<br \/>almacenado en tu navegador, aunque esto puede impedir que nuestro sitio web<br \/>funcione correctamente.<br \/>Ninguna de las cookies que generamos almacena informaci\u00f3n que permita<br \/>identificar al usuario, tal como nombres, apellidos o direcci\u00f3n de correo<br \/>electr\u00f3nico o postal, ni se utilizan para obtener o acceder a ning\u00fan tipo de<br \/>informaci\u00f3n personal del usuario.<\/p>\n<h2><strong><span style=\"color: #15b35c;\">LAS COOKIES QUE UTILIZAMOS<\/span><\/strong><\/h2>\n<h3><span style=\"color: #15b35c;\"><strong>COOKIES DE ACEPTACI\u00d3N DE T\u00c9RMINOS<\/strong><\/span><\/h3>\n<p>Usamos una cookie para contar cu\u00e1ntas veces se le ha mostrado la notificaci\u00f3n<br \/>de pol\u00edtica de cookies. Una vez que se ha mostrado un determinado n\u00famero de<br \/>veces (o cuando haya aceptado esta notificaci\u00f3n) \u00e9sta no se volver\u00e1 a mostrar,<br \/>a no ser que la elimine de su sistema.<\/p>\n<h3><strong><span style=\"color: #15b35c;\">COOKIES FUNCIONALES<\/span><\/strong><\/h3>\n<p>Estas cookies, conocidas como Session IDs, se utilizan para permitir<br \/>funcionalidades elementales del sitio web. No contienen ninguna informaci\u00f3n<br \/>de car\u00e1cter personal. Tambi\u00e9n se conocen como cookies de sesi\u00f3n.<\/p>\n<h3><strong><span style=\"color: #15b35c;\">COOKIES DE ANAL\u00cdTICA DE TR\u00c1FICO WEB<\/span><\/strong><\/h3>\n<p>Podemos hacer uso de una herramienta de Google denominada Google<br \/>Analytics que nos informa acerca del uso de nuestro sitio web. Esta<br \/>herramienta utiliza cookies para detectar si alguien ha visitado el sitio con<br \/>anterioridad con el objetivo de analizar la frecuencia con la que visitan nuestro<br \/>sitio web, cu\u00e1nto tiempo permanecen en ella y qu\u00e9 \u00e1reas de la misma son las<br \/>que generan mayor inter\u00e9s. Usamos esta informaci\u00f3n para analizar c\u00f3mo<br \/>utilizan nuestros visitantes nuestro sitio web y ver de qu\u00e9 manera se puede<br \/>mejorar la experiencia de usuario.<br \/>[[Si NO usas Google Analytics, dime y lo quito \/ lo sustituyo por la herramienta<br \/>que uses.]]<\/p>\n<h3><strong><span style=\"color: #15b35c;\">\u00bfC\u00d3MO PUEDO GESTIONAR LAS COOKIES?<\/span><\/strong><\/h3>\n<p>Puedes gestionar el comportamiento de tu navegador frente a las cookies<br \/>cambiando la configuraci\u00f3n del mismo.<br \/><a href=\"http:\/\/www.allaboutcookies.org\">http:\/\/www.allaboutcookies.org<\/a> tiene una gu\u00eda de c\u00f3mo hacer estos cambios en<br \/>la mayor\u00eda de los navegadores y m\u00e1s informaci\u00f3n acerca de las cookies.<\/p>\n<p>[\/et_pb_text][\/et_pb_column][\/et_pb_row][\/et_pb_section]<\/p>","protected":false},"excerpt":{"rendered":"<p>POL\u00cdTICA DE COOKIES \u00bfQU\u00c9 SON LAS COOKIES? Las cookies son archivos peque\u00f1os que las p\u00e1ginas web que visitas env\u00edan yalmacenan en tu ordenador o dispositivo. Las cookies se almacenan en eldirectorio de archivos de tu navegador. Cuando vuelves a visitar la p\u00e1gina, tunavegador leer\u00e1 la cookie y transmitir\u00e1 la informaci\u00f3n de vuelta a la p\u00e1gina [&hellip;]<\/p>","protected":false},"author":1,"featured_media":0,"parent":0,"menu_order":0,"comment_status":"closed","ping_status":"closed","template":"","meta":{"_et_pb_use_builder":"on","_et_pb_old_content":"","_et_gb_content_width":"","_joinchat":[],"footnotes":""},"class_list":["post-771","page","type-page","status-publish","hentry"],"_links":{"self":[{"href":"https:\/\/pmnaturalstones.com\/en\/wp-json\/wp\/v2\/pages\/771","targetHints":{"allow":["GET"]}}],"collection":[{"href":"https:\/\/pmnaturalstones.com\/en\/wp-json\/wp\/v2\/pages"}],"about":[{"href":"https:\/\/pmnaturalstones.com\/en\/wp-json\/wp\/v2\/types\/page"}],"author":[{"embeddable":true,"href":"https:\/\/pmnaturalstones.com\/en\/wp-json\/wp\/v2\/users\/1"}],"replies":[{"embeddable":true,"href":"https:\/\/pmnaturalstones.com\/en\/wp-json\/wp\/v2\/comments?post=771"}],"version-history":[{"count":3,"href":"https:\/\/pmnaturalstones.com\/en\/wp-json\/wp\/v2\/pages\/771\/revisions"}],"predecessor-version":[{"id":777,"href":"https:\/\/pmnaturalstones.com\/en\/wp-json\/wp\/v2\/pages\/771\/revisions\/777"}],"wp:attachment":[{"href":"https:\/\/pmnaturalstones.com\/en\/wp-json\/wp\/v2\/media?parent=771"}],"curies":[{"name":"wp","href":"https:\/\/api.w.org\/{rel}","templated":true}]}}